{"id":14,"date":"2018-01-03T16:00:17","date_gmt":"2018-01-03T16:00:17","guid":{"rendered":"http:\/\/tour.gradt.de\/?page_id=14"},"modified":"2018-01-03T16:32:02","modified_gmt":"2018-01-03T16:32:02","slug":"hintergrund","status":"publish","type":"page","link":"http:\/\/tour.gradt.de\/?page_id=14","title":{"rendered":"Hintergrund"},"content":{"rendered":"<p>Was tun mit mehr als 150 Tagen Urlaubsanspruch? Eine Frage, die sich nur wenigen stellt und die schier unrealistisch erscheinen mag. Ich hatte das Gl\u00fcck w\u00e4hrend meiner Zeit als SAP Berater viele spannende Projekte zu erleben und in diesen 5 Jahren meinen Urlaub eher durch abbummeln von \u00dcberstunden denn durch tats\u00e4chliches angreifen meines Urlaubsbudgets zu haben.<\/p>\n<p>Das wusste ich schon fr\u00fch und habe mit der Unternehmensleitung schon unmittelbar nach der Geburt unseres ersten Sohnes Adrian \u00fcber den Wunsch gesprochen eine l\u00e4ngere Auszeit zu nehmen. Nun ist Adrian gerade sechs Jahre alt geworden und das erste halbe Jahr 2018 ist der letztm\u00f6gliche Zeitpunkt mit meiner Frau und den drei Kinden einen l\u00e4ngeren Zeitraum ohne Abh\u00e4ngigkeit von Schulferien diese Auszeit zu nehmen.<\/p>\n<p>Aufgrund der drei Kinder haben wir uns daf\u00fcr entschieden in Europa zu bleiben und nicht wie mal urspr\u00fcnglich gedacht eine Weltreise mit den ganzen Lufthansa Meilen zu machen. Ein Wohnmobil wurde bestellt und wird uns in den n\u00e4chsten 8 Monaten intensiv als Wohnung zur Vef\u00fcgung stehen.<\/p>\n<p>Dar\u00fcber berichten wir in unserem Blog.<\/p>\n","protected":false},"excerpt":{"rendered":"<p>Was tun mit mehr als 150 Tagen Urlaubsanspruch? Eine Frage, die sich nur wenigen stellt und die schier unrealistisch erscheinen mag. Ich hatte das Gl\u00fcck w\u00e4hrend meiner Zeit als SAP Berater viele spannende Projekte zu erleben und in diesen 5 Jahren meinen Urlaub eher durch abbummeln von \u00dcberstunden denn durch tats\u00e4chliches angreifen meines Urlaubsbudgets zu &hellip; <\/p>\n<p class=\"link-more\"><a href=\"http:\/\/tour.gradt.de\/?page_id=14\" class=\"more-link\"><span class=\"screen-reader-text\">\u201eHintergrund\u201c<\/span> weiterlesen<\/a><\/p>\n","protected":false},"author":1,"featured_media":0,"parent":0,"menu_order":0,"comment_status":"closed","ping_status":"closed","template":"","meta":{"jetpack_post_was_ever_published":false},"jetpack_sharing_enabled":true,"jetpack_shortlink":"https:\/\/wp.me\/P9KDky-e","jetpack_likes_enabled":true,"_links":{"self":[{"href":"http:\/\/tour.gradt.de\/index.php?rest_route=\/wp\/v2\/pages\/14"}],"collection":[{"href":"http:\/\/tour.gradt.de\/index.php?rest_route=\/wp\/v2\/pages"}],"about":[{"href":"http:\/\/tour.gradt.de\/index.php?rest_route=\/wp\/v2\/types\/page"}],"author":[{"embeddable":true,"href":"http:\/\/tour.gradt.de\/index.php?rest_route=\/wp\/v2\/users\/1"}],"replies":[{"embeddable":true,"href":"http:\/\/tour.gradt.de\/index.php?rest_route=%2Fwp%2Fv2%2Fcomments&post=14"}],"version-history":[{"count":1,"href":"http:\/\/tour.gradt.de\/index.php?rest_route=\/wp\/v2\/pages\/14\/revisions"}],"predecessor-version":[{"id":15,"href":"http:\/\/tour.gradt.de\/index.php?rest_route=\/wp\/v2\/pages\/14\/revisions\/15"}],"wp:attachment":[{"href":"http:\/\/tour.gradt.de\/index.php?rest_route=%2Fwp%2Fv2%2Fmedia&parent=14"}],"curies":[{"name":"wp","href":"https:\/\/api.w.org\/{rel}","templated":true}]}}